{"id":2886,"date":"2017-07-24T11:11:49","date_gmt":"2017-07-24T09:11:49","guid":{"rendered":"https:\/\/www.planatol.de\/systeme-de-depose-de-colle\/service-und-ersatzteile\/"},"modified":"2025-03-04T07:57:46","modified_gmt":"2025-03-04T06:57:46","slug":"service-pieces-de-rechange","status":"publish","type":"page","link":"https:\/\/www.planatol.de\/fr\/systeme-de-depose-de-colle\/service-pieces-de-rechange\/","title":{"rendered":"Service et pi\u00e8ces de rechange"},"content":{"rendered":"","protected":false},"excerpt":{"rendered":"","protected":false},"author":6,"featured_media":0,"parent":2723,"menu_order":6,"comment_status":"closed","ping_status":"closed","template":"","meta":{"_acf_changed":false,"footnotes":""},"tags":[],"acf":[],"yoast_head":"<!-- This site is optimized with the Yoast SEO plugin v23.2 - https:\/\/yoast.com\/wordpress\/plugins\/seo\/ -->\n<title>Service et pi\u00e8ces de rechange pour syst\u00e8mes d&#039;application | Planatol System<\/title>\n<meta name=\"description\" content=\"Service et pi\u00e8ces de rechange de Planatol System \u27a4 Pi\u00e8ces de rechange pour notre syst\u00e8me d&#039;application de colle \u2713 Service et conseils professionnels \u2713 En savoir plus !\" \/>\n<meta name=\"robots\" content=\"index, follow, max-snippet:-1, max-image-preview:large, max-video-preview:-1\" \/>\n<link rel=\"canonical\" href=\"https:\/\/www.planatol.de\/fr\/systeme-de-depose-de-colle\/service-pieces-de-rechange\/\" \/>\n<meta property=\"og:locale\" content=\"fr_FR\" \/>\n<meta property=\"og:type\" content=\"article\" \/>\n<meta property=\"og:title\" content=\"Service et pi\u00e8ces de rechange pour syst\u00e8mes d&#039;application | Planatol System\" \/>\n<meta property=\"og:description\" content=\"Service et pi\u00e8ces de rechange de Planatol System \u27a4 Pi\u00e8ces de rechange pour notre syst\u00e8me d&#039;application de colle \u2713 Service et conseils professionnels \u2713 En savoir plus !\" \/>\n<meta property=\"og:url\" content=\"https:\/\/www.planatol.de\/fr\/systeme-de-depose-de-colle\/service-pieces-de-rechange\/\" \/>\n<meta property=\"og:site_name\" content=\"Planatol\" \/>\n<meta property=\"article:modified_time\" content=\"2025-03-04T06:57:46+00:00\" \/>\n<meta name=\"twitter:card\" content=\"summary_large_image\" \/>\n<script type=\"application\/ld+json\" class=\"yoast-schema-graph\">{\"@context\":\"https:\/\/schema.org\",\"@graph\":[{\"@type\":\"WebPage\",\"@id\":\"https:\/\/www.planatol.de\/fr\/systeme-de-depose-de-colle\/service-pieces-de-rechange\/\",\"url\":\"https:\/\/www.planatol.de\/fr\/systeme-de-depose-de-colle\/service-pieces-de-rechange\/\",\"name\":\"Service et pi\u00e8ces de rechange pour syst\u00e8mes d'application | Planatol System\",\"isPartOf\":{\"@id\":\"https:\/\/www.planatol.de\/#website\"},\"datePublished\":\"2017-07-24T09:11:49+00:00\",\"dateModified\":\"2025-03-04T06:57:46+00:00\",\"description\":\"Service et pi\u00e8ces de rechange de Planatol System \u27a4 Pi\u00e8ces de rechange pour notre syst\u00e8me d'application de colle \u2713 Service et conseils professionnels \u2713 En savoir plus !\",\"breadcrumb\":{\"@id\":\"https:\/\/www.planatol.de\/fr\/systeme-de-depose-de-colle\/service-pieces-de-rechange\/#breadcrumb\"},\"inLanguage\":\"fr-FR\",\"potentialAction\":[{\"@type\":\"ReadAction\",\"target\":[\"https:\/\/www.planatol.de\/fr\/systeme-de-depose-de-colle\/service-pieces-de-rechange\/\"]}]},{\"@type\":\"BreadcrumbList\",\"@id\":\"https:\/\/www.planatol.de\/fr\/systeme-de-depose-de-colle\/service-pieces-de-rechange\/#breadcrumb\",\"itemListElement\":[{\"@type\":\"ListItem\",\"position\":1,\"name\":\"Home\",\"item\":\"https:\/\/www.planatol.de\/fr\/\"},{\"@type\":\"ListItem\",\"position\":2,\"name\":\"Syst\u00e8me de d\u00e9pose de colle\",\"item\":\"https:\/\/www.planatol.de\/fr\/systeme-de-depose-de-colle\/\"},{\"@type\":\"ListItem\",\"position\":3,\"name\":\"Service et pi\u00e8ces de rechange\"}]},{\"@type\":\"WebSite\",\"@id\":\"https:\/\/www.planatol.de\/#website\",\"url\":\"https:\/\/www.planatol.de\/\",\"name\":\"Planatol\",\"description\":\"\",\"publisher\":{\"@id\":\"https:\/\/www.planatol.de\/#organization\"},\"potentialAction\":[{\"@type\":\"SearchAction\",\"target\":{\"@type\":\"EntryPoint\",\"urlTemplate\":\"https:\/\/www.planatol.de\/?s={search_term_string}\"},\"query-input\":\"required name=search_term_string\"}],\"inLanguage\":\"fr-FR\"},{\"@type\":\"Organization\",\"@id\":\"https:\/\/www.planatol.de\/#organization\",\"name\":\"Planatol\",\"url\":\"https:\/\/www.planatol.de\/\",\"logo\":{\"@type\":\"ImageObject\",\"inLanguage\":\"fr-FR\",\"@id\":\"https:\/\/www.planatol.de\/#\/schema\/logo\/image\/\",\"url\":\"https:\/\/www.planatol.de\/wp-content\/uploads\/2017\/08\/Planatol_Logo_smart_rgb.jpg\",\"contentUrl\":\"https:\/\/www.planatol.de\/wp-content\/uploads\/2017\/08\/Planatol_Logo_smart_rgb.jpg\",\"width\":919,\"height\":419,\"caption\":\"Planatol\"},\"image\":{\"@id\":\"https:\/\/www.planatol.de\/#\/schema\/logo\/image\/\"}}]}<\/script>\n<!-- \/ Yoast SEO plugin. -->","yoast_head_json":{"title":"Service et pi\u00e8ces de rechange pour syst\u00e8mes d'application | Planatol System","description":"Service et pi\u00e8ces de rechange de Planatol System \u27a4 Pi\u00e8ces de rechange pour notre syst\u00e8me d'application de colle \u2713 Service et conseils professionnels \u2713 En savoir plus !","robots":{"index":"index","follow":"follow","max-snippet":"max-snippet:-1","max-image-preview":"max-image-preview:large","max-video-preview":"max-video-preview:-1"},"canonical":"https:\/\/www.planatol.de\/fr\/systeme-de-depose-de-colle\/service-pieces-de-rechange\/","og_locale":"fr_FR","og_type":"article","og_title":"Service et pi\u00e8ces de rechange pour syst\u00e8mes d'application | Planatol System","og_description":"Service et pi\u00e8ces de rechange de Planatol System \u27a4 Pi\u00e8ces de rechange pour notre syst\u00e8me d'application de colle \u2713 Service et conseils professionnels \u2713 En savoir plus !","og_url":"https:\/\/www.planatol.de\/fr\/systeme-de-depose-de-colle\/service-pieces-de-rechange\/","og_site_name":"Planatol","article_modified_time":"2025-03-04T06:57:46+00:00","twitter_card":"summary_large_image","schema":{"@context":"https:\/\/schema.org","@graph":[{"@type":"WebPage","@id":"https:\/\/www.planatol.de\/fr\/systeme-de-depose-de-colle\/service-pieces-de-rechange\/","url":"https:\/\/www.planatol.de\/fr\/systeme-de-depose-de-colle\/service-pieces-de-rechange\/","name":"Service et pi\u00e8ces de rechange pour syst\u00e8mes d'application | Planatol System","isPartOf":{"@id":"https:\/\/www.planatol.de\/#website"},"datePublished":"2017-07-24T09:11:49+00:00","dateModified":"2025-03-04T06:57:46+00:00","description":"Service et pi\u00e8ces de rechange de Planatol System \u27a4 Pi\u00e8ces de rechange pour notre syst\u00e8me d'application de colle \u2713 Service et conseils professionnels \u2713 En savoir plus !","breadcrumb":{"@id":"https:\/\/www.planatol.de\/fr\/systeme-de-depose-de-colle\/service-pieces-de-rechange\/#breadcrumb"},"inLanguage":"fr-FR","potentialAction":[{"@type":"ReadAction","target":["https:\/\/www.planatol.de\/fr\/systeme-de-depose-de-colle\/service-pieces-de-rechange\/"]}]},{"@type":"BreadcrumbList","@id":"https:\/\/www.planatol.de\/fr\/systeme-de-depose-de-colle\/service-pieces-de-rechange\/#breadcrumb","itemListElement":[{"@type":"ListItem","position":1,"name":"Home","item":"https:\/\/www.planatol.de\/fr\/"},{"@type":"ListItem","position":2,"name":"Syst\u00e8me de d\u00e9pose de colle","item":"https:\/\/www.planatol.de\/fr\/systeme-de-depose-de-colle\/"},{"@type":"ListItem","position":3,"name":"Service et pi\u00e8ces de rechange"}]},{"@type":"WebSite","@id":"https:\/\/www.planatol.de\/#website","url":"https:\/\/www.planatol.de\/","name":"Planatol","description":"","publisher":{"@id":"https:\/\/www.planatol.de\/#organization"},"potentialAction":[{"@type":"SearchAction","target":{"@type":"EntryPoint","urlTemplate":"https:\/\/www.planatol.de\/?s={search_term_string}"},"query-input":"required name=search_term_string"}],"inLanguage":"fr-FR"},{"@type":"Organization","@id":"https:\/\/www.planatol.de\/#organization","name":"Planatol","url":"https:\/\/www.planatol.de\/","logo":{"@type":"ImageObject","inLanguage":"fr-FR","@id":"https:\/\/www.planatol.de\/#\/schema\/logo\/image\/","url":"https:\/\/www.planatol.de\/wp-content\/uploads\/2017\/08\/Planatol_Logo_smart_rgb.jpg","contentUrl":"https:\/\/www.planatol.de\/wp-content\/uploads\/2017\/08\/Planatol_Logo_smart_rgb.jpg","width":919,"height":419,"caption":"Planatol"},"image":{"@id":"https:\/\/www.planatol.de\/#\/schema\/logo\/image\/"}}]}},"_links":{"self":[{"href":"https:\/\/www.planatol.de\/fr\/wp-json\/wp\/v2\/pages\/2886\/"}],"collection":[{"href":"https:\/\/www.planatol.de\/fr\/wp-json\/wp\/v2\/pages\/"}],"about":[{"href":"https:\/\/www.planatol.de\/fr\/wp-json\/wp\/v2\/types\/page\/"}],"author":[{"embeddable":true,"href":"https:\/\/www.planatol.de\/fr\/wp-json\/wp\/v2\/users\/6\/"}],"replies":[{"embeddable":true,"href":"https:\/\/www.planatol.de\/fr\/wp-json\/wp\/v2\/comments\/?post=2886"}],"version-history":[{"count":7,"href":"https:\/\/www.planatol.de\/fr\/wp-json\/wp\/v2\/pages\/2886\/revisions\/"}],"predecessor-version":[{"id":14500,"href":"https:\/\/www.planatol.de\/fr\/wp-json\/wp\/v2\/pages\/2886\/revisions\/14500\/"}],"up":[{"embeddable":true,"href":"https:\/\/www.planatol.de\/fr\/wp-json\/wp\/v2\/pages\/2723\/"}],"wp:attachment":[{"href":"https:\/\/www.planatol.de\/fr\/wp-json\/wp\/v2\/media\/?parent=2886"}],"wp:term":[{"taxonomy":"post_tag","embeddable":true,"href":"https:\/\/www.planatol.de\/fr\/wp-json\/wp\/v2\/tags\/?post=2886"}],"curies":[{"name":"wp","href":"https:\/\/api.w.org\/{rel}","templated":true}]}}