{"id":2737,"date":"2017-04-03T17:06:25","date_gmt":"2017-04-03T15:06:25","guid":{"rendered":"https:\/\/www.planatol.de\/systeme-de-depose-de-colle\/falzklebung\/"},"modified":"2025-03-04T07:57:22","modified_gmt":"2025-03-04T06:57:22","slug":"collage-aux-plis","status":"publish","type":"page","link":"https:\/\/www.planatol.de\/fr\/systeme-de-depose-de-colle\/collage-aux-plis\/","title":{"rendered":"Collage aux plis"},"content":{"rendered":"<p>Pla<\/p>\n","protected":false},"excerpt":{"rendered":"<p>Pla<\/p>\n","protected":false},"author":6,"featured_media":0,"parent":2723,"menu_order":3,"comment_status":"closed","ping_status":"closed","template":"","meta":{"_acf_changed":false,"footnotes":""},"tags":[],"acf":[],"yoast_head":"<!-- This site is optimized with the Yoast SEO plugin v23.2 - https:\/\/yoast.com\/wordpress\/plugins\/seo\/ -->\n<title>Collage au pli - syst\u00e8mes d&#039;application avec pr\u00e9cision | Planatol System<\/title>\n<meta name=\"description\" content=\"Application de colle pour un collage au pli rotatif pr\u00e9cis et fiable ! Contr\u00f4le d&#039;application de colle en option\u2713 Technologie innovante\u2713 Gain de temps et d&#039;argent\u2713\" \/>\n<meta name=\"robots\" content=\"index, follow, max-snippet:-1, max-image-preview:large, max-video-preview:-1\" \/>\n<link rel=\"canonical\" href=\"https:\/\/www.planatol.de\/fr\/systeme-de-depose-de-colle\/collage-aux-plis\/\" \/>\n<meta property=\"og:locale\" content=\"fr_FR\" \/>\n<meta property=\"og:type\" content=\"article\" \/>\n<meta property=\"og:title\" content=\"Collage au pli - syst\u00e8mes d&#039;application avec pr\u00e9cision | Planatol System\" \/>\n<meta property=\"og:description\" content=\"Application de colle pour un collage au pli rotatif pr\u00e9cis et fiable ! Contr\u00f4le d&#039;application de colle en option\u2713 Technologie innovante\u2713 Gain de temps et d&#039;argent\u2713\" \/>\n<meta property=\"og:url\" content=\"https:\/\/www.planatol.de\/fr\/systeme-de-depose-de-colle\/collage-aux-plis\/\" \/>\n<meta property=\"og:site_name\" content=\"Planatol\" \/>\n<meta property=\"article:modified_time\" content=\"2025-03-04T06:57:22+00:00\" \/>\n<meta name=\"twitter:card\" content=\"summary_large_image\" \/>\n<meta name=\"twitter:label1\" content=\"Dur\u00e9e de lecture estim\u00e9e\" \/>\n\t<meta name=\"twitter:data1\" content=\"1 minute\" \/>\n<script type=\"application\/ld+json\" class=\"yoast-schema-graph\">{\"@context\":\"https:\/\/schema.org\",\"@graph\":[{\"@type\":\"WebPage\",\"@id\":\"https:\/\/www.planatol.de\/fr\/systeme-de-depose-de-colle\/collage-aux-plis\/\",\"url\":\"https:\/\/www.planatol.de\/fr\/systeme-de-depose-de-colle\/collage-aux-plis\/\",\"name\":\"Collage au pli - syst\u00e8mes d'application avec pr\u00e9cision | Planatol System\",\"isPartOf\":{\"@id\":\"https:\/\/www.planatol.de\/#website\"},\"datePublished\":\"2017-04-03T15:06:25+00:00\",\"dateModified\":\"2025-03-04T06:57:22+00:00\",\"description\":\"Application de colle pour un collage au pli rotatif pr\u00e9cis et fiable ! Contr\u00f4le d'application de colle en option\u2713 Technologie innovante\u2713 Gain de temps et d'argent\u2713\",\"breadcrumb\":{\"@id\":\"https:\/\/www.planatol.de\/fr\/systeme-de-depose-de-colle\/collage-aux-plis\/#breadcrumb\"},\"inLanguage\":\"fr-FR\",\"potentialAction\":[{\"@type\":\"ReadAction\",\"target\":[\"https:\/\/www.planatol.de\/fr\/systeme-de-depose-de-colle\/collage-aux-plis\/\"]}]},{\"@type\":\"BreadcrumbList\",\"@id\":\"https:\/\/www.planatol.de\/fr\/systeme-de-depose-de-colle\/collage-aux-plis\/#breadcrumb\",\"itemListElement\":[{\"@type\":\"ListItem\",\"position\":1,\"name\":\"Home\",\"item\":\"https:\/\/www.planatol.de\/fr\/\"},{\"@type\":\"ListItem\",\"position\":2,\"name\":\"Syst\u00e8me de d\u00e9pose de colle\",\"item\":\"https:\/\/www.planatol.de\/fr\/systeme-de-depose-de-colle\/\"},{\"@type\":\"ListItem\",\"position\":3,\"name\":\"Collage aux plis\"}]},{\"@type\":\"WebSite\",\"@id\":\"https:\/\/www.planatol.de\/#website\",\"url\":\"https:\/\/www.planatol.de\/\",\"name\":\"Planatol\",\"description\":\"\",\"publisher\":{\"@id\":\"https:\/\/www.planatol.de\/#organization\"},\"potentialAction\":[{\"@type\":\"SearchAction\",\"target\":{\"@type\":\"EntryPoint\",\"urlTemplate\":\"https:\/\/www.planatol.de\/?s={search_term_string}\"},\"query-input\":\"required name=search_term_string\"}],\"inLanguage\":\"fr-FR\"},{\"@type\":\"Organization\",\"@id\":\"https:\/\/www.planatol.de\/#organization\",\"name\":\"Planatol\",\"url\":\"https:\/\/www.planatol.de\/\",\"logo\":{\"@type\":\"ImageObject\",\"inLanguage\":\"fr-FR\",\"@id\":\"https:\/\/www.planatol.de\/#\/schema\/logo\/image\/\",\"url\":\"https:\/\/www.planatol.de\/wp-content\/uploads\/2017\/08\/Planatol_Logo_smart_rgb.jpg\",\"contentUrl\":\"https:\/\/www.planatol.de\/wp-content\/uploads\/2017\/08\/Planatol_Logo_smart_rgb.jpg\",\"width\":919,\"height\":419,\"caption\":\"Planatol\"},\"image\":{\"@id\":\"https:\/\/www.planatol.de\/#\/schema\/logo\/image\/\"}}]}<\/script>\n<!-- \/ Yoast SEO plugin. -->","yoast_head_json":{"title":"Collage au pli - syst\u00e8mes d'application avec pr\u00e9cision | Planatol System","description":"Application de colle pour un collage au pli rotatif pr\u00e9cis et fiable ! Contr\u00f4le d'application de colle en option\u2713 Technologie innovante\u2713 Gain de temps et d'argent\u2713","robots":{"index":"index","follow":"follow","max-snippet":"max-snippet:-1","max-image-preview":"max-image-preview:large","max-video-preview":"max-video-preview:-1"},"canonical":"https:\/\/www.planatol.de\/fr\/systeme-de-depose-de-colle\/collage-aux-plis\/","og_locale":"fr_FR","og_type":"article","og_title":"Collage au pli - syst\u00e8mes d'application avec pr\u00e9cision | Planatol System","og_description":"Application de colle pour un collage au pli rotatif pr\u00e9cis et fiable ! Contr\u00f4le d'application de colle en option\u2713 Technologie innovante\u2713 Gain de temps et d'argent\u2713","og_url":"https:\/\/www.planatol.de\/fr\/systeme-de-depose-de-colle\/collage-aux-plis\/","og_site_name":"Planatol","article_modified_time":"2025-03-04T06:57:22+00:00","twitter_card":"summary_large_image","twitter_misc":{"Dur\u00e9e de lecture estim\u00e9e":"1 minute"},"schema":{"@context":"https:\/\/schema.org","@graph":[{"@type":"WebPage","@id":"https:\/\/www.planatol.de\/fr\/systeme-de-depose-de-colle\/collage-aux-plis\/","url":"https:\/\/www.planatol.de\/fr\/systeme-de-depose-de-colle\/collage-aux-plis\/","name":"Collage au pli - syst\u00e8mes d'application avec pr\u00e9cision | Planatol System","isPartOf":{"@id":"https:\/\/www.planatol.de\/#website"},"datePublished":"2017-04-03T15:06:25+00:00","dateModified":"2025-03-04T06:57:22+00:00","description":"Application de colle pour un collage au pli rotatif pr\u00e9cis et fiable ! Contr\u00f4le d'application de colle en option\u2713 Technologie innovante\u2713 Gain de temps et d'argent\u2713","breadcrumb":{"@id":"https:\/\/www.planatol.de\/fr\/systeme-de-depose-de-colle\/collage-aux-plis\/#breadcrumb"},"inLanguage":"fr-FR","potentialAction":[{"@type":"ReadAction","target":["https:\/\/www.planatol.de\/fr\/systeme-de-depose-de-colle\/collage-aux-plis\/"]}]},{"@type":"BreadcrumbList","@id":"https:\/\/www.planatol.de\/fr\/systeme-de-depose-de-colle\/collage-aux-plis\/#breadcrumb","itemListElement":[{"@type":"ListItem","position":1,"name":"Home","item":"https:\/\/www.planatol.de\/fr\/"},{"@type":"ListItem","position":2,"name":"Syst\u00e8me de d\u00e9pose de colle","item":"https:\/\/www.planatol.de\/fr\/systeme-de-depose-de-colle\/"},{"@type":"ListItem","position":3,"name":"Collage aux plis"}]},{"@type":"WebSite","@id":"https:\/\/www.planatol.de\/#website","url":"https:\/\/www.planatol.de\/","name":"Planatol","description":"","publisher":{"@id":"https:\/\/www.planatol.de\/#organization"},"potentialAction":[{"@type":"SearchAction","target":{"@type":"EntryPoint","urlTemplate":"https:\/\/www.planatol.de\/?s={search_term_string}"},"query-input":"required name=search_term_string"}],"inLanguage":"fr-FR"},{"@type":"Organization","@id":"https:\/\/www.planatol.de\/#organization","name":"Planatol","url":"https:\/\/www.planatol.de\/","logo":{"@type":"ImageObject","inLanguage":"fr-FR","@id":"https:\/\/www.planatol.de\/#\/schema\/logo\/image\/","url":"https:\/\/www.planatol.de\/wp-content\/uploads\/2017\/08\/Planatol_Logo_smart_rgb.jpg","contentUrl":"https:\/\/www.planatol.de\/wp-content\/uploads\/2017\/08\/Planatol_Logo_smart_rgb.jpg","width":919,"height":419,"caption":"Planatol"},"image":{"@id":"https:\/\/www.planatol.de\/#\/schema\/logo\/image\/"}}]}},"_links":{"self":[{"href":"https:\/\/www.planatol.de\/fr\/wp-json\/wp\/v2\/pages\/2737\/"}],"collection":[{"href":"https:\/\/www.planatol.de\/fr\/wp-json\/wp\/v2\/pages\/"}],"about":[{"href":"https:\/\/www.planatol.de\/fr\/wp-json\/wp\/v2\/types\/page\/"}],"author":[{"embeddable":true,"href":"https:\/\/www.planatol.de\/fr\/wp-json\/wp\/v2\/users\/6\/"}],"replies":[{"embeddable":true,"href":"https:\/\/www.planatol.de\/fr\/wp-json\/wp\/v2\/comments\/?post=2737"}],"version-history":[{"count":7,"href":"https:\/\/www.planatol.de\/fr\/wp-json\/wp\/v2\/pages\/2737\/revisions\/"}],"predecessor-version":[{"id":14498,"href":"https:\/\/www.planatol.de\/fr\/wp-json\/wp\/v2\/pages\/2737\/revisions\/14498\/"}],"up":[{"embeddable":true,"href":"https:\/\/www.planatol.de\/fr\/wp-json\/wp\/v2\/pages\/2723\/"}],"wp:attachment":[{"href":"https:\/\/www.planatol.de\/fr\/wp-json\/wp\/v2\/media\/?parent=2737"}],"wp:term":[{"taxonomy":"post_tag","embeddable":true,"href":"https:\/\/www.planatol.de\/fr\/wp-json\/wp\/v2\/tags\/?post=2737"}],"curies":[{"name":"wp","href":"https:\/\/api.w.org\/{rel}","templated":true}]}}