{"id":2590,"date":"2017-03-27T11:57:48","date_gmt":"2017-03-27T09:57:48","guid":{"rendered":"https:\/\/www.planatol.de\/klebstoffe-auftragssysteme\/"},"modified":"2025-10-15T15:05:00","modified_gmt":"2025-10-15T13:05:00","slug":"klebstoffe-auftragssysteme","status":"publish","type":"page","link":"https:\/\/www.planatol.de\/fr\/","title":{"rendered":"Colles &#038; syst\u00e8mes d\u2019encollage"},"content":{"rendered":"\t\t<div data-elementor-type=\"wp-page\" data-elementor-id=\"2590\" class=\"elementor elementor-2590\" data-elementor-post-type=\"page\">\n\t\t\t\t\t\t<section class=\"elementor-section elementor-top-section elementor-element elementor-element-7c015c3 elementor-section-full_width elementor-section-stretched elementor-section-height-default elementor-section-height-default\" data-id=\"7c015c3\" data-element_type=\"section\" data-settings=\"{&quot;stretch_section&quot;:&quot;section-stretched&quot;,&quot;background_background&quot;:&quot;classic&quot;}\">\n\t\t\t\t\t\t<div class=\"elementor-container elementor-column-gap-default\">\n\t\t\t\t\t<div class=\"elementor-column elementor-col-100 elementor-top-column elementor-element elementor-element-3a825ea\" data-id=\"3a825ea\" data-element_type=\"column\">\n\t\t\t<div class=\"elementor-widget-wrap elementor-element-populated\">\n\t\t\t\t\t\t<div class=\"elementor-element elementor-element-d0216c5 elementor-widget elementor-widget-video\" data-id=\"d0216c5\" data-element_type=\"widget\" data-settings=\"{&quot;video_type&quot;:&quot;vimeo&quot;,&quot;autoplay&quot;:&quot;yes&quot;,&quot;mute&quot;:&quot;yes&quot;,&quot;loop&quot;:&quot;yes&quot;}\" data-widget_type=\"video.default\">\n\t\t\t\t<div class=\"elementor-widget-container\">\n\t\t\t\t\t<div class=\"elementor-wrapper elementor-open-inline\">\n\t\t\t<div class=\"BorlabsCookie _brlbs-cb-vimeo\"><div class=\"_brlbs-content-blocker\"> <div class=\"_brlbs-embed _brlbs-video-vimeo\"> <img decoding=\"async\" class=\"_brlbs-thumbnail\" src=\"https:\/\/www.planatol.de\/wp-content\/plugins\/borlabs-cookie\/assets\/images\/cb-no-thumbnail.png\" alt=\"Vimeo\"> <div class=\"_brlbs-caption\"> <p>Mit dem Laden des Videos akzeptieren Sie die Datenschutzerkl\u00e4rung von Vimeo.<br><a href=\"https:\/\/vimeo.com\/privacy\" target=\"_blank\" rel=\"nofollow noopener noreferrer\">Mehr erfahren<\/a><\/p> <p><a class=\"_brlbs-btn _brlbs-icon-play-white\" href=\"#\" data-borlabs-cookie-unblock role=\"button\">Video laden<\/a><\/p> <p><label><input type=\"checkbox\" name=\"unblockAll\" value=\"1\" checked> <small>Vimeo immer entsperren<\/small><\/label><\/p> <\/div> <\/div> <\/div><div class=\"borlabs-hide\" data-borlabs-cookie-type=\"content-blocker\" data-borlabs-cookie-id=\"vimeo\"><script type=\"text\/template\">PGlmcmFtZSBjbGFzcz0iZWxlbWVudG9yLXZpZGVvLWlmcmFtZSIgYWxsb3dmdWxsc2NyZWVuIGFsbG93PSJhdXRvcGxheSIgdGl0bGU9IkxlY3RldXIgdmlkw6lvIHZpbWVvIiBzcmM9Imh0dHBzOi8vcGxheWVyLnZpbWVvLmNvbS92aWRlby8xMTI3NDg3MzQyP2F1dG9wbGF5PTEmYW1wO2NvbG9yJmFtcDthdXRvcGF1c2U9MCZhbXA7bG9vcD0xJmFtcDttdXRlZD0xJmFtcDt0aXRsZT0wJmFtcDtwb3J0cmFpdD0wJmFtcDtieWxpbmU9MCN0PSI+PC9pZnJhbWU+<\/script><\/div><\/div>\t\t<\/div>\n\t\t\t\t<\/div>\n\t\t\t\t<\/div>\n\t\t\t\t\t<\/div>\n\t\t<\/div>\n\t\t\t\t\t<\/div>\n\t\t<\/section>\n\t\t\t\t<\/div>\n\t\t","protected":false},"excerpt":{"rendered":"<p>Mit dem Laden des Videos akzeptieren Sie die Datenschutzerkl\u00e4rung von Vimeo.Mehr erfahren Video laden Vimeo immer entsperren<\/p>\n","protected":false},"author":6,"featured_media":0,"parent":0,"menu_order":0,"comment_status":"closed","ping_status":"closed","template":"template_startseite.php","meta":{"_acf_changed":false,"footnotes":""},"tags":[],"acf":[],"yoast_head":"<!-- This site is optimized with the Yoast SEO plugin v23.2 - https:\/\/yoast.com\/wordpress\/plugins\/seo\/ -->\n<title>Votre fabricant d&#039;adh\u00e9sifs d&#039;Allemagne | Planatol<\/title>\n<meta name=\"description\" content=\"Planatol est l&#039;un des principaux fournisseurs mondiaux d&#039;adh\u00e9sifs et de syst\u00e8mes d&#039;application en mettant l&#039;accent sur l&#039;innovation et le d\u00e9veloppement continu.\" \/>\n<meta name=\"robots\" content=\"index, follow, max-snippet:-1, max-image-preview:large, max-video-preview:-1\" \/>\n<link rel=\"canonical\" href=\"https:\/\/www.planatol.de\/fr\/\" \/>\n<meta property=\"og:locale\" content=\"fr_FR\" \/>\n<meta property=\"og:type\" content=\"article\" \/>\n<meta property=\"og:title\" content=\"Votre fabricant d&#039;adh\u00e9sifs d&#039;Allemagne | Planatol\" \/>\n<meta property=\"og:description\" content=\"Planatol est l&#039;un des principaux fournisseurs mondiaux d&#039;adh\u00e9sifs et de syst\u00e8mes d&#039;application en mettant l&#039;accent sur l&#039;innovation et le d\u00e9veloppement continu.\" \/>\n<meta property=\"og:url\" content=\"https:\/\/www.planatol.de\/fr\/\" \/>\n<meta property=\"og:site_name\" content=\"Planatol\" \/>\n<meta property=\"article:modified_time\" content=\"2025-10-15T13:05:00+00:00\" \/>\n<meta name=\"twitter:card\" content=\"summary_large_image\" \/>\n<meta name=\"twitter:label1\" content=\"Dur\u00e9e de lecture estim\u00e9e\" \/>\n\t<meta name=\"twitter:data1\" content=\"1 minute\" \/>\n<script type=\"application\/ld+json\" class=\"yoast-schema-graph\">{\"@context\":\"https:\/\/schema.org\",\"@graph\":[{\"@type\":\"WebPage\",\"@id\":\"https:\/\/www.planatol.de\/fr\/\",\"url\":\"https:\/\/www.planatol.de\/fr\/\",\"name\":\"Votre fabricant d'adh\u00e9sifs d'Allemagne | Planatol\",\"isPartOf\":{\"@id\":\"https:\/\/www.planatol.de\/#website\"},\"datePublished\":\"2017-03-27T09:57:48+00:00\",\"dateModified\":\"2025-10-15T13:05:00+00:00\",\"description\":\"Planatol est l'un des principaux fournisseurs mondiaux d'adh\u00e9sifs et de syst\u00e8mes d'application en mettant l'accent sur l'innovation et le d\u00e9veloppement continu.\",\"breadcrumb\":{\"@id\":\"https:\/\/www.planatol.de\/fr\/#breadcrumb\"},\"inLanguage\":\"fr-FR\",\"potentialAction\":[{\"@type\":\"ReadAction\",\"target\":[\"https:\/\/www.planatol.de\/fr\/\"]}]},{\"@type\":\"BreadcrumbList\",\"@id\":\"https:\/\/www.planatol.de\/fr\/#breadcrumb\",\"itemListElement\":[{\"@type\":\"ListItem\",\"position\":1,\"name\":\"Home\",\"item\":\"https:\/\/www.planatol.de\/fr\/\"},{\"@type\":\"ListItem\",\"position\":2,\"name\":\"Colles &#038; syst\u00e8mes d\u2019encollage\"}]},{\"@type\":\"WebSite\",\"@id\":\"https:\/\/www.planatol.de\/#website\",\"url\":\"https:\/\/www.planatol.de\/\",\"name\":\"Planatol\",\"description\":\"\",\"publisher\":{\"@id\":\"https:\/\/www.planatol.de\/#organization\"},\"potentialAction\":[{\"@type\":\"SearchAction\",\"target\":{\"@type\":\"EntryPoint\",\"urlTemplate\":\"https:\/\/www.planatol.de\/?s={search_term_string}\"},\"query-input\":\"required name=search_term_string\"}],\"inLanguage\":\"fr-FR\"},{\"@type\":\"Organization\",\"@id\":\"https:\/\/www.planatol.de\/#organization\",\"name\":\"Planatol\",\"url\":\"https:\/\/www.planatol.de\/\",\"logo\":{\"@type\":\"ImageObject\",\"inLanguage\":\"fr-FR\",\"@id\":\"https:\/\/www.planatol.de\/#\/schema\/logo\/image\/\",\"url\":\"https:\/\/www.planatol.de\/wp-content\/uploads\/2017\/08\/Planatol_Logo_smart_rgb.jpg\",\"contentUrl\":\"https:\/\/www.planatol.de\/wp-content\/uploads\/2017\/08\/Planatol_Logo_smart_rgb.jpg\",\"width\":919,\"height\":419,\"caption\":\"Planatol\"},\"image\":{\"@id\":\"https:\/\/www.planatol.de\/#\/schema\/logo\/image\/\"}}]}<\/script>\n<!-- \/ Yoast SEO plugin. -->","yoast_head_json":{"title":"Votre fabricant d'adh\u00e9sifs d'Allemagne | Planatol","description":"Planatol est l'un des principaux fournisseurs mondiaux d'adh\u00e9sifs et de syst\u00e8mes d'application en mettant l'accent sur l'innovation et le d\u00e9veloppement continu.","robots":{"index":"index","follow":"follow","max-snippet":"max-snippet:-1","max-image-preview":"max-image-preview:large","max-video-preview":"max-video-preview:-1"},"canonical":"https:\/\/www.planatol.de\/fr\/","og_locale":"fr_FR","og_type":"article","og_title":"Votre fabricant d'adh\u00e9sifs d'Allemagne | Planatol","og_description":"Planatol est l'un des principaux fournisseurs mondiaux d'adh\u00e9sifs et de syst\u00e8mes d'application en mettant l'accent sur l'innovation et le d\u00e9veloppement continu.","og_url":"https:\/\/www.planatol.de\/fr\/","og_site_name":"Planatol","article_modified_time":"2025-10-15T13:05:00+00:00","twitter_card":"summary_large_image","twitter_misc":{"Dur\u00e9e de lecture estim\u00e9e":"1 minute"},"schema":{"@context":"https:\/\/schema.org","@graph":[{"@type":"WebPage","@id":"https:\/\/www.planatol.de\/fr\/","url":"https:\/\/www.planatol.de\/fr\/","name":"Votre fabricant d'adh\u00e9sifs d'Allemagne | Planatol","isPartOf":{"@id":"https:\/\/www.planatol.de\/#website"},"datePublished":"2017-03-27T09:57:48+00:00","dateModified":"2025-10-15T13:05:00+00:00","description":"Planatol est l'un des principaux fournisseurs mondiaux d'adh\u00e9sifs et de syst\u00e8mes d'application en mettant l'accent sur l'innovation et le d\u00e9veloppement continu.","breadcrumb":{"@id":"https:\/\/www.planatol.de\/fr\/#breadcrumb"},"inLanguage":"fr-FR","potentialAction":[{"@type":"ReadAction","target":["https:\/\/www.planatol.de\/fr\/"]}]},{"@type":"BreadcrumbList","@id":"https:\/\/www.planatol.de\/fr\/#breadcrumb","itemListElement":[{"@type":"ListItem","position":1,"name":"Home","item":"https:\/\/www.planatol.de\/fr\/"},{"@type":"ListItem","position":2,"name":"Colles &#038; syst\u00e8mes d\u2019encollage"}]},{"@type":"WebSite","@id":"https:\/\/www.planatol.de\/#website","url":"https:\/\/www.planatol.de\/","name":"Planatol","description":"","publisher":{"@id":"https:\/\/www.planatol.de\/#organization"},"potentialAction":[{"@type":"SearchAction","target":{"@type":"EntryPoint","urlTemplate":"https:\/\/www.planatol.de\/?s={search_term_string}"},"query-input":"required name=search_term_string"}],"inLanguage":"fr-FR"},{"@type":"Organization","@id":"https:\/\/www.planatol.de\/#organization","name":"Planatol","url":"https:\/\/www.planatol.de\/","logo":{"@type":"ImageObject","inLanguage":"fr-FR","@id":"https:\/\/www.planatol.de\/#\/schema\/logo\/image\/","url":"https:\/\/www.planatol.de\/wp-content\/uploads\/2017\/08\/Planatol_Logo_smart_rgb.jpg","contentUrl":"https:\/\/www.planatol.de\/wp-content\/uploads\/2017\/08\/Planatol_Logo_smart_rgb.jpg","width":919,"height":419,"caption":"Planatol"},"image":{"@id":"https:\/\/www.planatol.de\/#\/schema\/logo\/image\/"}}]}},"_links":{"self":[{"href":"https:\/\/www.planatol.de\/fr\/wp-json\/wp\/v2\/pages\/2590\/"}],"collection":[{"href":"https:\/\/www.planatol.de\/fr\/wp-json\/wp\/v2\/pages\/"}],"about":[{"href":"https:\/\/www.planatol.de\/fr\/wp-json\/wp\/v2\/types\/page\/"}],"author":[{"embeddable":true,"href":"https:\/\/www.planatol.de\/fr\/wp-json\/wp\/v2\/users\/6\/"}],"replies":[{"embeddable":true,"href":"https:\/\/www.planatol.de\/fr\/wp-json\/wp\/v2\/comments\/?post=2590"}],"version-history":[{"count":31,"href":"https:\/\/www.planatol.de\/fr\/wp-json\/wp\/v2\/pages\/2590\/revisions\/"}],"predecessor-version":[{"id":14980,"href":"https:\/\/www.planatol.de\/fr\/wp-json\/wp\/v2\/pages\/2590\/revisions\/14980\/"}],"wp:attachment":[{"href":"https:\/\/www.planatol.de\/fr\/wp-json\/wp\/v2\/media\/?parent=2590"}],"wp:term":[{"taxonomy":"post_tag","embeddable":true,"href":"https:\/\/www.planatol.de\/fr\/wp-json\/wp\/v2\/tags\/?post=2590"}],"curies":[{"name":"wp","href":"https:\/\/api.w.org\/{rel}","templated":true}]}}